{"id":15,"date":"2025-01-27T08:50:44","date_gmt":"2025-01-27T07:50:44","guid":{"rendered":"https:\/\/novaticlabs.adrirodrigob1.es\/?page_id=15"},"modified":"2026-02-12T16:26:32","modified_gmt":"2026-02-12T15:26:32","slug":"inicio","status":"publish","type":"page","link":"https:\/\/novaticlabs.com\/en\/","title":{"rendered":"Inicio"},"content":{"rendered":"<div data-elementor-type=\"wp-page\" data-elementor-id=\"15\" class=\"elementor elementor-15\" data-elementor-post-type=\"page\">\n\t\t\t\t<div class=\"elementor-element elementor-element-2f2eee6f e-con-full e-flex e-con e-parent\" data-id=\"2f2eee6f\" data-element_type=\"container\" data-e-type=\"container\">\n\t\t\t\t<div class=\"elementor-element elementor-element-54e484df elementor-widget elementor-widget-flex-slider\" data-id=\"54e484df\" data-element_type=\"widget\" data-e-type=\"widget\" data-widget_type=\"flex-slider.default\">\n\t\t\t\t<div class=\"elementor-widget-container\">\n\t\t\t\t\t\t\t\t<div class=\"flexslider directionnav-show\" data-height=\"972\" data-height_tablet=\"800\" data-height_mobile=\"839\" data-animation_images=\"\" data-autoplay=\"true\" data-slideshowspeed=\"3000\" data-directionnav=\"\" data-controlnav=\"true\" data-prevtext=\"\" data-nexttext=\"\">\r\n\t\t\t\t<ul class=\"slides\">\r\n\t\t\t\t\t<li class=\"item-slide\">\r\n\t\t\t\t\t\t\t\t\t<div class=\"bgimg\" style=\"background-image:url(https:\/\/novaticlabs.com\/wp-content\/uploads\/2025\/02\/img-home01-9TEJFCN.jpg); background-size: cover; background-position: 50%;\"><\/div>\r\n\t\t\t\t\t\t\t\t\t<div class=\"overlay\" style=\"background:#04000B99\"><\/div>\r\n\t\t\t\t\t\t\t\t\t<img decoding=\"async\" src=\"https:\/\/novaticlabs.com\/wp-content\/uploads\/2025\/02\/Base.png\" alt=\"shape\" class=\"bg_shape elementor-repeater-item-25ac1aa_shape_one\">\r\n\t\t\t\t\t\t\t\t\t<div class=\"flex_caption container\">\r\n\t\t                        \t\t\r\n\t\t                        \t\t<h1 class=\"title captionDelay6 fromTop\"><span>Especialistas<br> en el desarrollo<br>\nde software a medida<\/span><\/h1>\r\n\t\t                        \t\t\r\n\t\t                        \t\t<ul class=\"button-group\"> <li class=\"fromTop\">\r\n\t\t\t\t\t\t\t\t<a href=\"\/en\/proyectos\/\" class=\"button-one elementor-repeater-item-4598fc6\">\r\n\t\t\t\t\t\t\t\t\tProyectos <span class=\"btn-icon-right\"><\/span>\r\n\t\t\t\t\t\t\t\t<\/a>\r\n\t\t\t\t\t\t\t<\/li><\/ul>\r\n\t\t\t\t                    <\/div>\t                    \r\n\t\t\t\t                    \r\n\t\t\t\t\t\t\t\t<\/li>\t\t\t\t<\/ul> \r\n\t\t\t<\/div>\r\n\t\t\t\t\t\t\t<\/div>\n\t\t\t\t<\/div>\n\t\t\t\t<div class=\"elementor-element elementor-element-d467fa3 elementor-widget elementor-widget-heading\" data-id=\"d467fa3\" data-element_type=\"widget\" data-e-type=\"widget\" data-widget_type=\"heading.default\">\n\t\t\t\t<div class=\"elementor-widget-container\">\n\t\t\t\t\t<span class=\"elementor-heading-title elementor-size-default\">Servicios<\/span>\t\t\t\t<\/div>\n\t\t\t\t<\/div>\n\t\t\t\t<\/div>\n\t\t<div class=\"elementor-element elementor-element-2dd28720 e-flex e-con-boxed e-con e-parent\" data-id=\"2dd28720\" data-element_type=\"container\" data-e-type=\"container\" data-settings=\"{&quot;background_background&quot;:&quot;classic&quot;}\">\n\t\t\t\t\t<div class=\"e-con-inner\">\n\t\t<div class=\"elementor-element elementor-element-2666434c e-flex e-con-boxed e-con e-child\" data-id=\"2666434c\" data-element_type=\"container\" data-e-type=\"container\">\n\t\t\t\t\t<div class=\"e-con-inner\">\n\t\t<div class=\"elementor-element elementor-element-4bfabcb5 e-flex e-con-boxed e-con e-child\" data-id=\"4bfabcb5\" data-element_type=\"container\" data-e-type=\"container\">\n\t\t\t\t\t<div class=\"e-con-inner\">\n\t\t<div class=\"elementor-element elementor-element-69b26a4b e-con-full e-flex e-con e-child\" data-id=\"69b26a4b\" data-element_type=\"container\" data-e-type=\"container\">\n\t\t\t\t<div class=\"elementor-element elementor-element-151912ea elementor-widget elementor-widget-heading\" data-id=\"151912ea\" data-element_type=\"widget\" data-e-type=\"widget\" data-widget_type=\"heading.default\">\n\t\t\t\t<div class=\"elementor-widget-container\">\n\t\t\t\t\t<span class=\"elementor-heading-title elementor-size-default\">Nuestros Servicios<\/span>\t\t\t\t<\/div>\n\t\t\t\t<\/div>\n\t\t\t\t<div class=\"elementor-element elementor-element-192e246d elementor-widget elementor-widget-heading\" data-id=\"192e246d\" data-element_type=\"widget\" data-e-type=\"widget\" data-widget_type=\"heading.default\">\n\t\t\t\t<div class=\"elementor-widget-container\">\n\t\t\t\t\t<h2 class=\"elementor-heading-title elementor-size-default\">\u00bfEn qu\u00e9 nos especializamos?<\/h2>\t\t\t\t<\/div>\n\t\t\t\t<\/div>\n\t\t\t\t<\/div>\n\t\t<div class=\"elementor-element elementor-element-6f969ec7 e-con-full e-flex e-con e-child\" data-id=\"6f969ec7\" data-element_type=\"container\" data-e-type=\"container\">\n\t\t\t\t<div class=\"elementor-element elementor-element-5a2e31e elementor-widget elementor-widget-text-editor\" data-id=\"5a2e31e\" data-element_type=\"widget\" data-e-type=\"widget\" data-widget_type=\"text-editor.default\">\n\t\t\t\t<div class=\"elementor-widget-container\">\n\t\t\t\t\t\t\t\t\t<p>Nuestro objetivo es transformar y optimizar tus procesos internos, reduciendo costos y mejorando la productividad.<\/p>\t\t\t\t\t\t\t\t<\/div>\n\t\t\t\t<\/div>\n\t\t\t\t<\/div>\n\t\t\t\t\t<\/div>\n\t\t\t\t<\/div>\n\t\t<div class=\"elementor-element elementor-element-3f7ed8b4 e-flex e-con-boxed e-con e-child\" data-id=\"3f7ed8b4\" data-element_type=\"container\" data-e-type=\"container\">\n\t\t\t\t\t<div class=\"e-con-inner\">\n\t\t<div class=\"elementor-element elementor-element-bc3417e e-con-full e-flex e-con e-child\" data-id=\"bc3417e\" data-element_type=\"container\" data-e-type=\"container\">\n\t\t<div class=\"elementor-element elementor-element-3dee8f71 e-con-full e-flex e-con e-child\" data-id=\"3dee8f71\" data-element_type=\"container\" data-e-type=\"container\">\n\t\t\t\t<div class=\"elementor-element elementor-element-6f1f47b1 elementor-widget__width-initial elementor-widget-tablet__width-inherit animated-slow elementor-invisible elementor-widget elementor-widget-tficonbox\" data-id=\"6f1f47b1\" data-element_type=\"widget\" data-e-type=\"widget\" data-settings=\"{&quot;_animation&quot;:&quot;zoomIn&quot;}\" data-widget_type=\"tficonbox.default\">\n\t\t\t\t<div class=\"elementor-widget-container\">\n\t\t\t\t\t\t\t\t\t\t<div class=\"tficonbox top\">\r\n\t\t\t\t\t\r\n\t\t\t\t\t\t\t\t\t<div class=\"wrap-icon square\">\r\n\t\t\t\t\t\t<div class=\"wrap-icon-inner image\">\r\n\t\t\t\t\t\t\t<img decoding=\"async\" src=\"https:\/\/novaticlabs.com\/wp-content\/uploads\/2025\/02\/2166804.png\" alt=\"icon\">\r\n\t\t\t\t\t\t<\/div>\r\n\t\t\t\t\t<\/div>\r\n\t\t\t\t\t\r\n\r\n\t\t\t\t<div class=\"content\">\r\n\t\t\t\t\t<h3 class=\"title\">Desarrollo de Software a Medida<\/h3>\r\n\t\t\t\t\t<div class=\"description\"><p>Creamos soluciones personalizadas que se ajustan perfectamente a los requerimientos de tu negocio, garantizando funcionalidad y escalabilidad.<\/p><\/div>\t\t\t\t\t\r\n\t\t\t\t\t\t\t\t\t\t\t<div class=\"tf-button-container\">\r\n\t\t\t\t\t\t\t<a class=\"tf-button bt_icon_after hover-default\" href=\"#\" >\r\n\t\t\t\t\t\t\t\t<i class=\"\" aria-hidden=\"true\"><\/i> \r\n\t\t\t\t\t\t\t<\/a>\r\n\t\t\t\t\t\t<\/div>\r\n\t\t\t\t\t\r\n\t\t\t\t<\/div>\r\n\t\t\t<\/div>\r\n\t\t\t\t\t\t<\/div>\n\t\t\t\t<\/div>\n\t\t\t\t<\/div>\n\t\t<div class=\"elementor-element elementor-element-56f033b e-con-full e-flex e-con e-child\" data-id=\"56f033b\" data-element_type=\"container\" data-e-type=\"container\">\n\t\t\t\t<div class=\"elementor-element elementor-element-6d1d6266 elementor-widget__width-initial elementor-widget-tablet__width-inherit animated-slow elementor-invisible elementor-widget elementor-widget-tficonbox\" data-id=\"6d1d6266\" data-element_type=\"widget\" data-e-type=\"widget\" data-settings=\"{&quot;_animation&quot;:&quot;zoomIn&quot;}\" data-widget_type=\"tficonbox.default\">\n\t\t\t\t<div class=\"elementor-widget-container\">\n\t\t\t\t\t\t\t\t\t\t<div class=\"tficonbox top\">\r\n\t\t\t\t\t\r\n\t\t\t\t\t\t\t\t\t<div class=\"wrap-icon square\">\r\n\t\t\t\t\t\t<div class=\"wrap-icon-inner image\">\r\n\t\t\t\t\t\t\t<img decoding=\"async\" src=\"https:\/\/novaticlabs.com\/wp-content\/uploads\/2025\/02\/5146150.png\" alt=\"icon\">\r\n\t\t\t\t\t\t<\/div>\r\n\t\t\t\t\t<\/div>\r\n\t\t\t\t\t\r\n\r\n\t\t\t\t<div class=\"content\">\r\n\t\t\t\t\t<h4 class=\"title\">Administraci\u00f3n de Servidores<\/h4>\r\n\t\t\t\t\t<div class=\"description\"><p>Gestionamos y mantenemos tus servidores para asegurar un rendimiento \u00f3ptimo y una disponibilidad constante.<\/p><\/div>\t\t\t\t\t\r\n\t\t\t\t\t\t\t\t\t\t\t<div class=\"tf-button-container\">\r\n\t\t\t\t\t\t\t<a class=\"tf-button bt_icon_after hover-default\" href=\"#\" >\r\n\t\t\t\t\t\t\t\t<i class=\"\" aria-hidden=\"true\"><\/i> \r\n\t\t\t\t\t\t\t<\/a>\r\n\t\t\t\t\t\t<\/div>\r\n\t\t\t\t\t\r\n\t\t\t\t<\/div>\r\n\t\t\t<\/div>\r\n\t\t\t\t\t\t<\/div>\n\t\t\t\t<\/div>\n\t\t\t\t<\/div>\n\t\t\t\t<\/div>\n\t\t<div class=\"elementor-element elementor-element-6e08bafb e-con-full e-flex e-con e-child\" data-id=\"6e08bafb\" data-element_type=\"container\" data-e-type=\"container\">\n\t\t<div class=\"elementor-element elementor-element-5e7c90ef e-con-full e-flex e-con e-child\" data-id=\"5e7c90ef\" data-element_type=\"container\" data-e-type=\"container\">\n\t\t\t\t<div class=\"elementor-element elementor-element-3c948996 elementor-widget__width-initial elementor-widget-tablet__width-inherit animated-slow elementor-invisible elementor-widget elementor-widget-tficonbox\" data-id=\"3c948996\" data-element_type=\"widget\" data-e-type=\"widget\" data-settings=\"{&quot;_animation&quot;:&quot;zoomIn&quot;}\" data-widget_type=\"tficonbox.default\">\n\t\t\t\t<div class=\"elementor-widget-container\">\n\t\t\t\t\t\t\t\t\t\t<div class=\"tficonbox top\">\r\n\t\t\t\t\t\r\n\t\t\t\t\t\t\t\t\t<div class=\"wrap-icon square\">\r\n\t\t\t\t\t\t<div class=\"wrap-icon-inner icon default\">\r\n\t\t\t\t\t\t\t<i aria-hidden=\"true\" class=\"icon icon-design\"><\/i>\t\t\t\t\t\t<\/div>\r\n\t\t\t\t\t<\/div>\r\n\t\t\t\t\t\r\n\r\n\t\t\t\t<div class=\"content\">\r\n\t\t\t\t\t<h4 class=\"title\">Automatizaci\u00f3n de Procesos<\/h4>\r\n\t\t\t\t\t<div class=\"description\"><p>Analizamos y redise\u00f1amos tus flujos de trabajo para automatizar tareas repetitivas, permiti\u00e9ndote centrarte en actividades estrat\u00e9gicas.<\/p><\/div>\t\t\t\t\t\r\n\t\t\t\t\t\t\t\t\t\t\t<div class=\"tf-button-container\">\r\n\t\t\t\t\t\t\t<a class=\"tf-button bt_icon_after hover-default\" href=\"#\" >\r\n\t\t\t\t\t\t\t\t<i class=\"\" aria-hidden=\"true\"><\/i> \r\n\t\t\t\t\t\t\t<\/a>\r\n\t\t\t\t\t\t<\/div>\r\n\t\t\t\t\t\r\n\t\t\t\t<\/div>\r\n\t\t\t<\/div>\r\n\t\t\t\t\t\t<\/div>\n\t\t\t\t<\/div>\n\t\t\t\t<\/div>\n\t\t<div class=\"elementor-element elementor-element-5142bdc2 e-con-full e-flex e-con e-child\" data-id=\"5142bdc2\" data-element_type=\"container\" data-e-type=\"container\">\n\t\t\t\t<div class=\"elementor-element elementor-element-5c9b33c6 elementor-widget__width-initial elementor-widget-tablet__width-inherit animated-slow elementor-invisible elementor-widget elementor-widget-tficonbox\" data-id=\"5c9b33c6\" data-element_type=\"widget\" data-e-type=\"widget\" data-settings=\"{&quot;_animation&quot;:&quot;zoomIn&quot;}\" data-widget_type=\"tficonbox.default\">\n\t\t\t\t<div class=\"elementor-widget-container\">\n\t\t\t\t\t\t\t\t\t\t<div class=\"tficonbox top\">\r\n\t\t\t\t\t\r\n\t\t\t\t\t\t\t\t\t<div class=\"wrap-icon square\">\r\n\t\t\t\t\t\t<div class=\"wrap-icon-inner image\">\r\n\t\t\t\t\t\t\t<img decoding=\"async\" src=\"https:\/\/novaticlabs.com\/wp-content\/uploads\/2025\/02\/2166822.png\" alt=\"icon\">\r\n\t\t\t\t\t\t<\/div>\r\n\t\t\t\t\t<\/div>\r\n\t\t\t\t\t\r\n\r\n\t\t\t\t<div class=\"content\">\r\n\t\t\t\t\t<h4 class=\"title\">Ciberseguridad<\/h4>\r\n\t\t\t\t\t<div class=\"description\"><p>Protegemos tu infraestructura digital contra amenazas, implementando medidas de seguridad avanzadas para salvaguardar tu informaci\u00f3n.<\/p><\/div>\t\t\t\t\t\r\n\t\t\t\t\t\t\t\t\t\t\t<div class=\"tf-button-container\">\r\n\t\t\t\t\t\t\t<a class=\"tf-button bt_icon_after hover-default\" href=\"#\" >\r\n\t\t\t\t\t\t\t\t<i class=\"\" aria-hidden=\"true\"><\/i> \r\n\t\t\t\t\t\t\t<\/a>\r\n\t\t\t\t\t\t<\/div>\r\n\t\t\t\t\t\r\n\t\t\t\t<\/div>\r\n\t\t\t<\/div>\r\n\t\t\t\t\t\t<\/div>\n\t\t\t\t<\/div>\n\t\t\t\t<\/div>\n\t\t\t\t<\/div>\n\t\t\t\t\t<\/div>\n\t\t\t\t<\/div>\n\t\t\t\t\t<\/div>\n\t\t\t\t<\/div>\n\t\t<div class=\"elementor-element elementor-element-31660b7 e-con-full e-flex e-con e-child\" data-id=\"31660b7\" data-element_type=\"container\" data-e-type=\"container\">\n\t\t\t\t<\/div>\n\t\t\t\t\t<\/div>\n\t\t\t\t<\/div>\n\t\t<div class=\"elementor-element elementor-element-4973a53c e-con-full e-flex e-con e-parent\" data-id=\"4973a53c\" data-element_type=\"container\" data-e-type=\"container\">\n\t\t<div class=\"elementor-element elementor-element-797f74c7 e-con-full e-flex e-con e-child\" data-id=\"797f74c7\" data-element_type=\"container\" data-e-type=\"container\">\n\t\t\t\t<div class=\"elementor-element elementor-element-16dfff22 elementor-widget elementor-widget-image\" data-id=\"16dfff22\" data-element_type=\"widget\" data-e-type=\"widget\" data-widget_type=\"image.default\">\n\t\t\t\t<div class=\"elementor-widget-container\">\n\t\t\t\t\t\t\t\t\t\t\t\t\t\t\t<img fetchpriority=\"high\" decoding=\"async\" width=\"1200\" height=\"1600\" src=\"https:\/\/novaticlabs.com\/wp-content\/uploads\/2025\/02\/Manuel-Cordoba.jpeg\" class=\"attachment-full size-full wp-image-177\" alt=\"Manuel C\u00f3rdoba\" srcset=\"https:\/\/novaticlabs.com\/wp-content\/uploads\/2025\/02\/Manuel-Cordoba.jpeg 1200w, https:\/\/novaticlabs.com\/wp-content\/uploads\/2025\/02\/Manuel-Cordoba-225x300.jpeg 225w, https:\/\/novaticlabs.com\/wp-content\/uploads\/2025\/02\/Manuel-Cordoba-768x1024.jpeg 768w, https:\/\/novaticlabs.com\/wp-content\/uploads\/2025\/02\/Manuel-Cordoba-1152x1536.jpeg 1152w\" sizes=\"(max-width: 1200px) 100vw, 1200px\" \/>\t\t\t\t\t\t\t\t\t\t\t\t\t\t\t<\/div>\n\t\t\t\t<\/div>\n\t\t\t\t<\/div>\n\t\t<div class=\"elementor-element elementor-element-61675021 e-con-full e-flex e-con e-child\" data-id=\"61675021\" data-element_type=\"container\" data-e-type=\"container\">\n\t\t<div class=\"elementor-element elementor-element-7164ef54 e-flex e-con-boxed e-con e-child\" data-id=\"7164ef54\" data-element_type=\"container\" data-e-type=\"container\">\n\t\t\t\t\t<div class=\"e-con-inner\">\n\t\t\t\t<div class=\"elementor-element elementor-element-5ff5bebe elementor-widget elementor-widget-heading\" data-id=\"5ff5bebe\" data-element_type=\"widget\" data-e-type=\"widget\" data-widget_type=\"heading.default\">\n\t\t\t\t<div class=\"elementor-widget-container\">\n\t\t\t\t\t<div class=\"elementor-heading-title elementor-size-default\">Sobre Nosotros<\/div>\t\t\t\t<\/div>\n\t\t\t\t<\/div>\n\t\t\t\t<div class=\"elementor-element elementor-element-38b35047 elementor-widget elementor-widget-heading\" data-id=\"38b35047\" data-element_type=\"widget\" data-e-type=\"widget\" data-widget_type=\"heading.default\">\n\t\t\t\t<div class=\"elementor-widget-container\">\n\t\t\t\t\t<h3 class=\"elementor-heading-title elementor-size-default\">contamos con un equipo de profesionales apasionados por la tecnolog\u00eda y la innovaci\u00f3n.<\/h3>\t\t\t\t<\/div>\n\t\t\t\t<\/div>\n\t\t\t\t\t<\/div>\n\t\t\t\t<\/div>\n\t\t\t\t<div class=\"elementor-element elementor-element-5746a339 elementor-widget elementor-widget-text-editor\" data-id=\"5746a339\" data-element_type=\"widget\" data-e-type=\"widget\" data-widget_type=\"text-editor.default\">\n\t\t\t\t<div class=\"elementor-widget-container\">\n\t\t\t\t\t\t\t\t\t<p>Nuestros desarrolladores, Manuel C\u00f3rdoba y Mario Roca aportan su experiencia y dedicaci\u00f3n en cada proyecto, asegurando soluciones de alta calidad que impulsan el crecimiento de nuestros clientes.<\/p>\t\t\t\t\t\t\t\t<\/div>\n\t\t\t\t<\/div>\n\t\t<div class=\"elementor-element elementor-element-564e1dc0 e-con-full animated-slow e-flex elementor-invisible e-con e-child\" data-id=\"564e1dc0\" data-element_type=\"container\" data-e-type=\"container\" data-settings=\"{&quot;animation&quot;:&quot;fadeInUp&quot;}\">\n\t\t<div class=\"elementor-element elementor-element-25b7c26e e-con-full e-flex e-con e-child\" data-id=\"25b7c26e\" data-element_type=\"container\" data-e-type=\"container\">\n\t\t\t\t<div class=\"elementor-element elementor-element-67b7284 elementor-widget elementor-widget-image\" data-id=\"67b7284\" data-element_type=\"widget\" data-e-type=\"widget\" data-widget_type=\"image.default\">\n\t\t\t\t<div class=\"elementor-widget-container\">\n\t\t\t\t\t\t\t\t\t\t\t\t\t\t\t<img decoding=\"async\" width=\"768\" height=\"1009\" src=\"https:\/\/novaticlabs.com\/wp-content\/uploads\/2025\/08\/WhatsApp-Image-2025-07-22-at-23.30.37.jpeg\" class=\"attachment-large size-large wp-image-304\" alt=\"\" srcset=\"https:\/\/novaticlabs.com\/wp-content\/uploads\/2025\/08\/WhatsApp-Image-2025-07-22-at-23.30.37.jpeg 768w, https:\/\/novaticlabs.com\/wp-content\/uploads\/2025\/08\/WhatsApp-Image-2025-07-22-at-23.30.37-228x300.jpeg 228w\" sizes=\"(max-width: 768px) 100vw, 768px\" \/>\t\t\t\t\t\t\t\t\t\t\t\t\t\t\t<\/div>\n\t\t\t\t<\/div>\n\t\t\t\t<\/div>\n\t\t\t\t<\/div>\n\t\t\t\t<\/div>\n\t\t\t\t<\/div>\n\t\t<div class=\"elementor-element elementor-element-52e15930 e-flex e-con-boxed e-con e-parent\" data-id=\"52e15930\" data-element_type=\"container\" data-e-type=\"container\">\n\t\t\t\t\t<div class=\"e-con-inner\">\n\t\t<div class=\"elementor-element elementor-element-9f9ba17 e-flex e-con-boxed e-con e-child\" data-id=\"9f9ba17\" data-element_type=\"container\" data-e-type=\"container\" data-settings=\"{&quot;background_background&quot;:&quot;classic&quot;}\">\n\t\t\t\t\t<div class=\"e-con-inner\">\n\t\t<div class=\"elementor-element elementor-element-7e26b353 e-con-full e-flex e-con e-child\" data-id=\"7e26b353\" data-element_type=\"container\" data-e-type=\"container\">\n\t\t\t\t<div class=\"elementor-element elementor-element-57f05fe7 elementor-widget elementor-widget-heading\" data-id=\"57f05fe7\" data-element_type=\"widget\" data-e-type=\"widget\" data-widget_type=\"heading.default\">\n\t\t\t\t<div class=\"elementor-widget-container\">\n\t\t\t\t\t<div class=\"elementor-heading-title elementor-size-default\">Estamos aqu\u00ed para ayudarte a llevar tu empresa al siguiente nivel. No dudes en contactarnos<\/div>\t\t\t\t<\/div>\n\t\t\t\t<\/div>\n\t\t\t\t<\/div>\n\t\t<div class=\"elementor-element elementor-element-5d7d2d1f e-con-full e-flex e-con e-child\" data-id=\"5d7d2d1f\" data-element_type=\"container\" data-e-type=\"container\">\n\t\t\t\t<div class=\"elementor-element elementor-element-3264710e elementor-align-right elementor-mobile-align-left elementor-widget elementor-widget-button\" data-id=\"3264710e\" data-element_type=\"widget\" data-e-type=\"widget\" data-widget_type=\"button.default\">\n\t\t\t\t<div class=\"elementor-widget-container\">\n\t\t\t\t\t\t\t\t\t<div class=\"elementor-button-wrapper\">\n\t\t\t\t\t<a class=\"elementor-button elementor-button-link elementor-size-sm\" href=\"https:\/\/novaticlabs.com\/en\/contacto\/\">\n\t\t\t\t\t\t<span class=\"elementor-button-content-wrapper\">\n\t\t\t\t\t\t\t\t\t<span class=\"elementor-button-text\">Cont\u00e1ctanos<\/span>\n\t\t\t\t\t<\/span>\n\t\t\t\t\t<\/a>\n\t\t\t\t<\/div>\n\t\t\t\t\t\t\t\t<\/div>\n\t\t\t\t<\/div>\n\t\t\t\t<\/div>\n\t\t\t\t\t<\/div>\n\t\t\t\t<\/div>\n\t\t\t\t\t<\/div>\n\t\t\t\t<\/div>\n\t\t\t\t<\/div>","protected":false},"excerpt":{"rendered":"<p>Especialistas en el desarrollo de software a medida Proyectos Servicios Nuestros Servicios \u00bfEn qu\u00e9 nos especializamos? Nuestro objetivo es transformar y optimizar tus procesos internos, reduciendo costos y mejorando la productividad. Desarrollo de Software a Medida Creamos soluciones personalizadas que se ajustan perfectamente a los requerimientos de tu negocio, garantizando funcionalidad y escalabilidad. Administraci\u00f3n de [&hellip;]<\/p>\n","protected":false},"author":2,"featured_media":0,"parent":0,"menu_order":0,"comment_status":"closed","ping_status":"closed","template":"elementor_header_footer","meta":{"_joinchat":[],"footnotes":""},"class_list":["post-15","page","type-page","status-publish","hentry"],"yoast_head":"<!-- This site is optimized with the Yoast SEO plugin v27.5 - https:\/\/yoast.com\/product\/yoast-seo-wordpress\/ -->\n<title>Novatic Labs SL - Desarrolladores web en Pinto<\/title>\n<meta name=\"description\" content=\"Nuestro objetivo es transformar y optimizar tus procesos internos, reduciendo costos y mejorando la productividad.\" \/>\n<meta name=\"robots\" content=\"index, follow, max-snippet:-1, max-image-preview:large, max-video-preview:-1\" \/>\n<link rel=\"canonical\" href=\"https:\/\/novaticlabs.com\/en\/\" \/>\n<meta property=\"og:locale\" content=\"en_GB\" \/>\n<meta property=\"og:type\" content=\"article\" \/>\n<meta property=\"og:title\" content=\"Novatic Labs SL - Desarrolladores web en Pinto\" \/>\n<meta property=\"og:description\" content=\"Nuestro objetivo es transformar y optimizar tus procesos internos, reduciendo costos y mejorando la productividad.\" \/>\n<meta property=\"og:url\" content=\"https:\/\/novaticlabs.com\/en\/\" \/>\n<meta property=\"og:site_name\" content=\"Novatic Labs SL\" \/>\n<meta property=\"article:modified_time\" content=\"2026-02-12T15:26:32+00:00\" \/>\n<meta property=\"og:image\" content=\"https:\/\/novaticlabs.com\/wp-content\/uploads\/2025\/02\/Base.png\" \/>\n<meta name=\"twitter:card\" content=\"summary_large_image\" \/>\n<meta name=\"twitter:label1\" content=\"Estimated reading time\" \/>\n\t<meta name=\"twitter:data1\" content=\"2 minutes\" \/>\n<script type=\"application\/ld+json\" class=\"yoast-schema-graph\">{\"@context\":\"https:\\\/\\\/schema.org\",\"@graph\":[{\"@type\":\"WebPage\",\"@id\":\"https:\\\/\\\/novaticlabs.com\\\/\",\"url\":\"https:\\\/\\\/novaticlabs.com\\\/\",\"name\":\"Novatic Labs SL - Desarrolladores web en Pinto\",\"isPartOf\":{\"@id\":\"https:\\\/\\\/novaticlabs.com\\\/#website\"},\"primaryImageOfPage\":{\"@id\":\"https:\\\/\\\/novaticlabs.com\\\/#primaryimage\"},\"image\":{\"@id\":\"https:\\\/\\\/novaticlabs.com\\\/#primaryimage\"},\"thumbnailUrl\":\"https:\\\/\\\/novaticlabs.com\\\/wp-content\\\/uploads\\\/2025\\\/02\\\/Base.png\",\"datePublished\":\"2025-01-27T07:50:44+00:00\",\"dateModified\":\"2026-02-12T15:26:32+00:00\",\"description\":\"Nuestro objetivo es transformar y optimizar tus procesos internos, reduciendo costos y mejorando la productividad.\",\"breadcrumb\":{\"@id\":\"https:\\\/\\\/novaticlabs.com\\\/#breadcrumb\"},\"inLanguage\":\"en-GB\",\"potentialAction\":[{\"@type\":\"ReadAction\",\"target\":[\"https:\\\/\\\/novaticlabs.com\\\/\"]}]},{\"@type\":\"ImageObject\",\"inLanguage\":\"en-GB\",\"@id\":\"https:\\\/\\\/novaticlabs.com\\\/#primaryimage\",\"url\":\"https:\\\/\\\/novaticlabs.com\\\/wp-content\\\/uploads\\\/2025\\\/02\\\/Base.png\",\"contentUrl\":\"https:\\\/\\\/novaticlabs.com\\\/wp-content\\\/uploads\\\/2025\\\/02\\\/Base.png\"},{\"@type\":\"BreadcrumbList\",\"@id\":\"https:\\\/\\\/novaticlabs.com\\\/#breadcrumb\",\"itemListElement\":[{\"@type\":\"ListItem\",\"position\":1,\"name\":\"Portada\",\"item\":\"https:\\\/\\\/novaticlabs.com\\\/\"},{\"@type\":\"ListItem\",\"position\":2,\"name\":\"Inicio\"}]},{\"@type\":\"WebSite\",\"@id\":\"https:\\\/\\\/novaticlabs.com\\\/#website\",\"url\":\"https:\\\/\\\/novaticlabs.com\\\/\",\"name\":\"Novatic Labs SL\",\"description\":\"Desarrolladores web en Pinto\",\"potentialAction\":[{\"@type\":\"SearchAction\",\"target\":{\"@type\":\"EntryPoint\",\"urlTemplate\":\"https:\\\/\\\/novaticlabs.com\\\/?s={search_term_string}\"},\"query-input\":{\"@type\":\"PropertyValueSpecification\",\"valueRequired\":true,\"valueName\":\"search_term_string\"}}],\"inLanguage\":\"en-GB\"}]}<\/script>\n<!-- \/ Yoast SEO plugin. -->","yoast_head_json":{"title":"Novatic Labs SL - Desarrolladores web en Pinto","description":"Nuestro objetivo es transformar y optimizar tus procesos internos, reduciendo costos y mejorando la productividad.","robots":{"index":"index","follow":"follow","max-snippet":"max-snippet:-1","max-image-preview":"max-image-preview:large","max-video-preview":"max-video-preview:-1"},"canonical":"https:\/\/novaticlabs.com\/en\/","og_locale":"en_GB","og_type":"article","og_title":"Novatic Labs SL - Desarrolladores web en Pinto","og_description":"Nuestro objetivo es transformar y optimizar tus procesos internos, reduciendo costos y mejorando la productividad.","og_url":"https:\/\/novaticlabs.com\/en\/","og_site_name":"Novatic Labs SL","article_modified_time":"2026-02-12T15:26:32+00:00","og_image":[{"url":"https:\/\/novaticlabs.com\/wp-content\/uploads\/2025\/02\/Base.png","type":"","width":"","height":""}],"twitter_card":"summary_large_image","twitter_misc":{"Estimated reading time":"2 minutes"},"schema":{"@context":"https:\/\/schema.org","@graph":[{"@type":"WebPage","@id":"https:\/\/novaticlabs.com\/","url":"https:\/\/novaticlabs.com\/","name":"Novatic Labs SL - Desarrolladores web en Pinto","isPartOf":{"@id":"https:\/\/novaticlabs.com\/#website"},"primaryImageOfPage":{"@id":"https:\/\/novaticlabs.com\/#primaryimage"},"image":{"@id":"https:\/\/novaticlabs.com\/#primaryimage"},"thumbnailUrl":"https:\/\/novaticlabs.com\/wp-content\/uploads\/2025\/02\/Base.png","datePublished":"2025-01-27T07:50:44+00:00","dateModified":"2026-02-12T15:26:32+00:00","description":"Nuestro objetivo es transformar y optimizar tus procesos internos, reduciendo costos y mejorando la productividad.","breadcrumb":{"@id":"https:\/\/novaticlabs.com\/#breadcrumb"},"inLanguage":"en-GB","potentialAction":[{"@type":"ReadAction","target":["https:\/\/novaticlabs.com\/"]}]},{"@type":"ImageObject","inLanguage":"en-GB","@id":"https:\/\/novaticlabs.com\/#primaryimage","url":"https:\/\/novaticlabs.com\/wp-content\/uploads\/2025\/02\/Base.png","contentUrl":"https:\/\/novaticlabs.com\/wp-content\/uploads\/2025\/02\/Base.png"},{"@type":"BreadcrumbList","@id":"https:\/\/novaticlabs.com\/#breadcrumb","itemListElement":[{"@type":"ListItem","position":1,"name":"Portada","item":"https:\/\/novaticlabs.com\/"},{"@type":"ListItem","position":2,"name":"Inicio"}]},{"@type":"WebSite","@id":"https:\/\/novaticlabs.com\/#website","url":"https:\/\/novaticlabs.com\/","name":"Novatic Labs SL","description":"Desarrolladores web en Pinto","potentialAction":[{"@type":"SearchAction","target":{"@type":"EntryPoint","urlTemplate":"https:\/\/novaticlabs.com\/?s={search_term_string}"},"query-input":{"@type":"PropertyValueSpecification","valueRequired":true,"valueName":"search_term_string"}}],"inLanguage":"en-GB"}]}},"_links":{"self":[{"href":"https:\/\/novaticlabs.com\/en\/wp-json\/wp\/v2\/pages\/15","targetHints":{"allow":["GET"]}}],"collection":[{"href":"https:\/\/novaticlabs.com\/en\/wp-json\/wp\/v2\/pages"}],"about":[{"href":"https:\/\/novaticlabs.com\/en\/wp-json\/wp\/v2\/types\/page"}],"author":[{"embeddable":true,"href":"https:\/\/novaticlabs.com\/en\/wp-json\/wp\/v2\/users\/2"}],"replies":[{"embeddable":true,"href":"https:\/\/novaticlabs.com\/en\/wp-json\/wp\/v2\/comments?post=15"}],"version-history":[{"count":72,"href":"https:\/\/novaticlabs.com\/en\/wp-json\/wp\/v2\/pages\/15\/revisions"}],"predecessor-version":[{"id":325,"href":"https:\/\/novaticlabs.com\/en\/wp-json\/wp\/v2\/pages\/15\/revisions\/325"}],"wp:attachment":[{"href":"https:\/\/novaticlabs.com\/en\/wp-json\/wp\/v2\/media?parent=15"}],"curies":[{"name":"wp","href":"https:\/\/api.w.org\/{rel}","templated":true}]}}